{"id":1815,"date":"2021-02-22T10:52:50","date_gmt":"2021-02-22T10:52:50","guid":{"rendered":"https:\/\/maia.ee\/?page_id=1815"},"modified":"2021-04-26T08:15:13","modified_gmt":"2021-04-26T08:15:13","slug":"sport","status":"publish","type":"page","link":"https:\/\/maia.ee\/en\/sport\/","title":{"rendered":"Sport"},"content":{"rendered":"<div class=\"wpb-content-wrapper\"><p>[vc_row css=&#8221;.vc_custom_1612876387069{margin-top: 40px !important;}&#8221;][vc_column width=&#8221;1\/3&#8243;]<div style=\"background-color:;height: 10px\" class=\"nicdark_section  \"><\/div>\n\n    <div class=\"nd_options_section  nd_options_text_align_left \">\n\n        <img decoding=\"async\" style=\"margin-top:px\" alt=\"\" width=\"350\" src=\"https:\/\/maia.ee\/wp-content\/uploads\/2021\/02\/sport_jalgratas.jpg\">\n\n        <div class=\"nd_options_section nd_options_box_sizing_border_box\">\n            \n            <h3 class=\"nd_options_first_font  \" style=\"margin:;color:#1c1c1c;font-size:25px;line-height:25px\">Bicycle<\/h3> \n            <p class=\"nd_options_second_font  \" style=\"margin:20px 0px;color:#878787;font-size:14px;line-height:24px\">P\u00e4rnu has 70 kilometers of bike paths. This means that you can bike everywhere, which is why biking is very popular among the locals. In a few hours you can make a big tour in the city, seeing areas that the average visitor often does not get to.<\/p> \n            \n\n        <\/div>\n\n    <\/div>\n\n  <div style=\"background-color:;height: 10px\" class=\"nicdark_section  \"><\/div>[\/vc_column][vc_column width=&#8221;1\/3&#8243;]<div style=\"background-color:;height: 10px\" class=\"nicdark_section  \"><\/div>\n\n    <div class=\"nd_options_section  nd_options_text_align_left \">\n\n        <img decoding=\"async\" style=\"margin-top:px\" alt=\"\" width=\"350\" src=\"https:\/\/maia.ee\/wp-content\/uploads\/2021\/02\/sport_surfamine.jpg\">\n\n        <div class=\"nd_options_section nd_options_box_sizing_border_box\">\n            \n            <h3 class=\"nd_options_first_font  \" style=\"margin:;color:#1c1c1c;font-size:25px;line-height:25px\">Surfing<\/h3> \n            <p class=\"nd_options_second_font  \" style=\"margin:20px 0px;color:#878787;font-size:14px;line-height:24px\">P\u00e4rnu Bay is one of the best places to surf in the Nordic countries. The shallow water that deepens very gradually, sandy bottom, favorable winds and warm water create good conditions for surfing. Of course you can swim in the sea and the river throughout the year!<\/p> \n            \n\n        <\/div>\n\n    <\/div>\n\n  <div style=\"background-color:;height: 10px\" class=\"nicdark_section  \"><\/div>[\/vc_column][vc_column width=&#8221;1\/3&#8243;]<div style=\"background-color:;height: 10px\" class=\"nicdark_section  \"><\/div>\n\n    <div class=\"nd_options_section  nd_options_text_align_left \">\n\n        <img decoding=\"async\" style=\"margin-top:px\" alt=\"\" width=\"350\" src=\"https:\/\/maia.ee\/wp-content\/uploads\/2021\/02\/sport_jooksmine.jpg\">\n\n        <div class=\"nd_options_section nd_options_box_sizing_border_box\">\n            \n            <h3 class=\"nd_options_first_font  \" style=\"margin:;color:#1c1c1c;font-size:25px;line-height:25px\">Golf<\/h3> \n            <p class=\"nd_options_second_font  \" style=\"margin:20px 0px;color:#878787;font-size:14px;line-height:24px\">P\u00e4rnu Bay Golf Links (opened in autumn 2015) is a versatile golf complex that has five par-3 tracks in addition to an 18-hole course and a driving range for longer or shorter strokes. This is the first links-type course in the Baltic countries with a length of 4,500 to 6,200 m.<\/p> \n            \n\n        <\/div>\n\n    <\/div>\n\n  <div style=\"background-color:;height: 10px\" class=\"nicdark_section  \"><\/div>[\/vc_column][\/vc_row][vc_row css=&#8221;.vc_custom_1485535152075{margin-top: 50px !important;}&#8221;][vc_column width=&#8221;1\/3&#8243;]<div style=\"background-color:;height: 10px\" class=\"nicdark_section  \"><\/div>\n\n    <div class=\"nd_options_section  nd_options_text_align_left \">\n\n        <img decoding=\"async\" style=\"margin-top:px\" alt=\"\" width=\"350\" src=\"https:\/\/maia.ee\/wp-content\/uploads\/2021\/02\/sport_tennis.jpg\">\n\n        <div class=\"nd_options_section nd_options_box_sizing_border_box\">\n            \n            <h3 class=\"nd_options_first_font  \" style=\"margin:;color:#1c1c1c;font-size:25px;line-height:25px\">Tennis<\/h3> \n            <p class=\"nd_options_second_font  \" style=\"margin:20px 0px;color:#878787;font-size:14px;line-height:24px\">P\u00e4rnu Tennis Complex is located in the midst of greenery a few hundred metres from the Maia Residence. The centre has six outdoor courts and a modern complex with six indoor courts. The state-of-the-art Novacrylic surface material and technology are used on the courts.<br \/>\nYou can also hire equipment.<br \/>\nThe centre also has badminton courts, 3 for doubles and 2 for singles.<\/p> \n            \n\n        <\/div>\n\n    <\/div>\n\n  <div style=\"background-color:;height: 10px\" class=\"nicdark_section  \"><\/div>[\/vc_column][vc_column width=&#8221;1\/3&#8243;]<div style=\"background-color:;height: 10px\" class=\"nicdark_section  \"><\/div>\n\n    <div class=\"nd_options_section  nd_options_text_align_left \">\n\n        <img decoding=\"async\" style=\"margin-top:px\" alt=\"\" width=\"350\" src=\"https:\/\/maia.ee\/wp-content\/uploads\/2021\/02\/sport_rannapuhkus.jpg\">\n\n        <div class=\"nd_options_section nd_options_box_sizing_border_box\">\n            \n            <h3 class=\"nd_options_first_font  \" style=\"margin:;color:#1c1c1c;font-size:25px;line-height:25px\">P\u00e4rnu Beach<\/h3> \n            <p class=\"nd_options_second_font  \" style=\"margin:20px 0px;color:#878787;font-size:14px;line-height:24px\">P\u00e4rnu Beach is only a 15-minute walk from the City Centre. Thanks to the shallow and rapidly warming water of P\u00e4rnu Bay, P\u00e4rnu Beach is an excellent place for bathing. On warm summer days, the temperature at P\u00e4rnu Beach may even rise to 30 degrees. Set in 2010, the record water temperature at P\u00e4rnu Beach is 33 \u00b0C!<\/p>\n<p>The coastline of P\u00e4rnu is nearly 2 kilometres long, which means that there is room for everyone. The area around the Beach House is the most popular.<\/p> \n            \n\n        <\/div>\n\n    <\/div>\n\n  <div style=\"background-color:;height: 10px\" class=\"nicdark_section  \"><\/div>[\/vc_column][vc_column width=&#8221;1\/3&#8243;]<div style=\"background-color:;height: 10px\" class=\"nicdark_section  \"><\/div>\n\n    <div class=\"nd_options_section  nd_options_text_align_left \">\n\n        <img decoding=\"async\" style=\"margin-top:px\" alt=\"\" width=\"350\" src=\"https:\/\/maia.ee\/wp-content\/uploads\/2021\/02\/sport_toit-1024x1024.jpg\">\n\n        <div class=\"nd_options_section nd_options_box_sizing_border_box\">\n            \n            <h3 class=\"nd_options_first_font  \" style=\"margin:;color:#1c1c1c;font-size:25px;line-height:25px\">Restaurants and cafes in P\u00e4rnu<\/h3> \n            <p class=\"nd_options_second_font  \" style=\"margin:20px 0px;color:#878787;font-size:14px;line-height:24px\">First and foremost, P\u00e4rnu\u2019s restaurants and cafes stand out for their talented chefs. The best restaurants in P\u00e4rnu are featured in the Estonian Restaurant Guide. Besides the fancy a la carte restaurants, you will find many lovely cafes and good pubs in P\u00e4rnu. The restaurants and cafes are mainly located in the town center and the beach area, which makes them convenient for visitors. You can enjoy the beautiful seafront and dine while the sun is setting in several restaurants.<\/p>\n<p><\/p> \n            \n\n        <\/div>\n\n    <\/div>\n\n  <div style=\"background-color:;height: 10px\" class=\"nicdark_section  \"><\/div>[\/vc_column][\/vc_row]<\/p>\n<\/div>","protected":false},"excerpt":{"rendered":"<p>[vc_row css=&#8221;.vc_custom_1612876387069{margin-top: 40px !important;}&#8221;][vc_column width=&#8221;1\/3&#8243;][\/vc_column][vc_column width=&#8221;1\/3&#8243;][\/vc_column][vc_column width=&#8221;1\/3&#8243;][\/vc_column][\/vc_row][vc_row css=&#8221;.vc_custom_1485535152075{margin-top: 50px !important;}&#8221;][vc_column width=&#8221;1\/3&#8243;][\/vc_column][vc_column width=&#8221;1\/3&#8243;][\/vc_column][vc_column width=&#8221;1\/3&#8243;][\/vc_column][\/vc_row]<\/p>\n","protected":false},"author":1,"featured_media":0,"parent":0,"menu_order":0,"comment_status":"closed","ping_status":"closed","template":"","meta":{"_acf_changed":false,"footnotes":""},"acf":[],"_links":{"self":[{"href":"https:\/\/maia.ee\/en\/wp-json\/wp\/v2\/pages\/1815"}],"collection":[{"href":"https:\/\/maia.ee\/en\/wp-json\/wp\/v2\/pages"}],"about":[{"href":"https:\/\/maia.ee\/en\/wp-json\/wp\/v2\/types\/page"}],"author":[{"embeddable":true,"href":"https:\/\/maia.ee\/en\/wp-json\/wp\/v2\/users\/1"}],"replies":[{"embeddable":true,"href":"https:\/\/maia.ee\/en\/wp-json\/wp\/v2\/comments?post=1815"}],"version-history":[{"count":7,"href":"https:\/\/maia.ee\/en\/wp-json\/wp\/v2\/pages\/1815\/revisions"}],"predecessor-version":[{"id":2314,"href":"https:\/\/maia.ee\/en\/wp-json\/wp\/v2\/pages\/1815\/revisions\/2314"}],"wp:attachment":[{"href":"https:\/\/maia.ee\/en\/wp-json\/wp\/v2\/media?parent=1815"}],"curies":[{"name":"wp","href":"https:\/\/api.w.org\/{rel}","templated":true}]}}